{"id":30,"date":"2024-09-20T11:50:15","date_gmt":"2024-09-20T11:50:15","guid":{"rendered":"https:\/\/carpinteriaartetxe.rkinformatika.online\/?page_id=30"},"modified":"2024-11-22T09:44:17","modified_gmt":"2024-11-22T09:44:17","slug":"servicios","status":"publish","type":"page","link":"https:\/\/contadoresdeaguacarlos.com\/en\/servicios\/","title":{"rendered":"Servivios"},"content":{"rendered":"<div data-elementor-type=\"wp-page\" data-elementor-id=\"30\" class=\"elementor elementor-30\" data-elementor-post-type=\"page\">\n\t\t\t\t<div class=\"elementor-element elementor-element-ca0447d e-con-full e-flex e-con e-parent\" data-id=\"ca0447d\" data-element_type=\"container\" data-e-type=\"container\" data-settings=\"{&quot;background_background&quot;:&quot;classic&quot;}\">\n\t\t\t\t<div class=\"elementor-element elementor-element-0d6c90a elementor-widget elementor-widget-heading\" data-id=\"0d6c90a\" data-element_type=\"widget\" data-e-type=\"widget\" data-widget_type=\"heading.default\">\n\t\t\t\t<div class=\"elementor-widget-container\">\n\t\t\t\t\t<h2 class=\"elementor-heading-title elementor-size-default\">Services<\/h2>\t\t\t\t<\/div>\n\t\t\t\t<\/div>\n\t\t\t\t<\/div>\n\t\t<div class=\"elementor-element elementor-element-792cf93 e-grid e-con-boxed e-con e-parent\" data-id=\"792cf93\" data-element_type=\"container\" data-e-type=\"container\">\n\t\t\t\t\t<div class=\"e-con-inner\">\n\t\t\t\t<div class=\"elementor-element elementor-element-6731097 elementor-position-top elementor-widget elementor-widget-image-box\" data-id=\"6731097\" data-element_type=\"widget\" data-e-type=\"widget\" data-widget_type=\"image-box.default\">\n\t\t\t\t<div class=\"elementor-widget-container\">\n\t\t\t\t\t<div class=\"elementor-image-box-wrapper\"><figure class=\"elementor-image-box-img\"><img fetchpriority=\"high\" decoding=\"async\" width=\"2560\" height=\"1707\" src=\"https:\/\/contadoresdeaguacarlos.com\/wp-content\/uploads\/2024\/11\/water-meter-with-leak-water-wrench-concept-broken-pipeline-meter-scaled.jpg\" class=\"attachment-full size-full wp-image-512\" alt=\"\" srcset=\"https:\/\/contadoresdeaguacarlos.com\/wp-content\/uploads\/2024\/11\/water-meter-with-leak-water-wrench-concept-broken-pipeline-meter-scaled.jpg 2560w, https:\/\/contadoresdeaguacarlos.com\/wp-content\/uploads\/2024\/11\/water-meter-with-leak-water-wrench-concept-broken-pipeline-meter-300x200.jpg 300w, https:\/\/contadoresdeaguacarlos.com\/wp-content\/uploads\/2024\/11\/water-meter-with-leak-water-wrench-concept-broken-pipeline-meter-1024x683.jpg 1024w, https:\/\/contadoresdeaguacarlos.com\/wp-content\/uploads\/2024\/11\/water-meter-with-leak-water-wrench-concept-broken-pipeline-meter-768x512.jpg 768w, https:\/\/contadoresdeaguacarlos.com\/wp-content\/uploads\/2024\/11\/water-meter-with-leak-water-wrench-concept-broken-pipeline-meter-1536x1024.jpg 1536w, https:\/\/contadoresdeaguacarlos.com\/wp-content\/uploads\/2024\/11\/water-meter-with-leak-water-wrench-concept-broken-pipeline-meter-2048x1365.jpg 2048w, https:\/\/contadoresdeaguacarlos.com\/wp-content\/uploads\/2024\/11\/water-meter-with-leak-water-wrench-concept-broken-pipeline-meter-18x12.jpg 18w\" sizes=\"(max-width: 2560px) 100vw, 2560px\" \/><\/figure><div class=\"elementor-image-box-content\"><h3 class=\"elementor-image-box-title\">Conservaci\u00f3n de contadores de agua<\/h3><p class=\"elementor-image-box-description\">La lectura y conservaci\u00f3n adecuada de los contadores de agua son fundamentales para garantizar una gesti\u00f3n responsable del consumo y evitar desperdicios. Estos dispositivos no solo registran el uso exacto, sino que tambi\u00e9n permiten:\n<br>\n<br>\n* Control del consumo: Detecta patrones de uso y posibles fugas.<br>\n*Facturaci\u00f3n precisa: Asegura cobros justos, evitando estimaciones inexactas.\n<br>\n*Conservaci\u00f3n del recurso h\u00eddrico: Ayuda a identificar y corregir desperdicios a tiempo.\n<\/p><\/div><\/div>\t\t\t\t<\/div>\n\t\t\t\t<\/div>\n\t\t\t\t<div class=\"elementor-element elementor-element-345a189 elementor-position-top elementor-widget elementor-widget-image-box\" data-id=\"345a189\" data-element_type=\"widget\" data-e-type=\"widget\" data-widget_type=\"image-box.default\">\n\t\t\t\t<div class=\"elementor-widget-container\">\n\t\t\t\t\t<div class=\"elementor-image-box-wrapper\"><figure class=\"elementor-image-box-img\"><img decoding=\"async\" width=\"2560\" height=\"1709\" src=\"https:\/\/contadoresdeaguacarlos.com\/wp-content\/uploads\/2024\/11\/hot-cold-water-meters-white-background-1-scaled.jpg\" class=\"attachment-full size-full wp-image-519\" alt=\"\" srcset=\"https:\/\/contadoresdeaguacarlos.com\/wp-content\/uploads\/2024\/11\/hot-cold-water-meters-white-background-1-scaled.jpg 2560w, https:\/\/contadoresdeaguacarlos.com\/wp-content\/uploads\/2024\/11\/hot-cold-water-meters-white-background-1-300x200.jpg 300w, https:\/\/contadoresdeaguacarlos.com\/wp-content\/uploads\/2024\/11\/hot-cold-water-meters-white-background-1-1024x684.jpg 1024w, https:\/\/contadoresdeaguacarlos.com\/wp-content\/uploads\/2024\/11\/hot-cold-water-meters-white-background-1-768x513.jpg 768w, https:\/\/contadoresdeaguacarlos.com\/wp-content\/uploads\/2024\/11\/hot-cold-water-meters-white-background-1-1536x1025.jpg 1536w, https:\/\/contadoresdeaguacarlos.com\/wp-content\/uploads\/2024\/11\/hot-cold-water-meters-white-background-1-2048x1367.jpg 2048w, https:\/\/contadoresdeaguacarlos.com\/wp-content\/uploads\/2024\/11\/hot-cold-water-meters-white-background-1-18x12.jpg 18w\" sizes=\"(max-width: 2560px) 100vw, 2560px\" \/><\/figure><div class=\"elementor-image-box-content\"><h3 class=\"elementor-image-box-title\">Beneficios de un mantenimiento adecuado<\/h3><p class=\"elementor-image-box-description\">Regular maintenance and proper protection of the meter extend its lifespan, preventing breakdowns and potential penalties. Conservation involves checking its condition, shielding it from extreme conditions, and ensuring it functions correctly.\n<br><br>\n*Reducci\u00f3n de p\u00e9rdidas econ\u00f3micas por aver\u00edas o consumos no detectados.<br>\n*Mayor precisi\u00f3n en los datos para planificar y optimizar el uso del agua.<br>\n*Cumplimiento con la normativa para evitar multas o sanciones relacionadas con el uso del contador.<\/p><\/div><\/div>\t\t\t\t<\/div>\n\t\t\t\t<\/div>\n\t\t\t\t\t<\/div>\n\t\t\t\t<\/div>\n\t\t\t\t<\/div>","protected":false},"excerpt":{"rendered":"<p>Servicios Conservaci\u00f3n de contadores de agua La lectura y conservaci\u00f3n adecuada de los contadores de agua son fundamentales para garantizar una gesti\u00f3n responsable del consumo y evitar desperdicios. Estos dispositivos no solo registran el uso exacto, sino que tambi\u00e9n permiten: * Control del consumo: Detecta patrones de uso y posibles fugas. *Facturaci\u00f3n precisa: Asegura cobros [&hellip;]<\/p>\n","protected":false},"author":3,"featured_media":0,"parent":0,"menu_order":0,"comment_status":"closed","ping_status":"closed","template":"","meta":{"footnotes":""},"class_list":["post-30","page","type-page","status-publish","hentry"],"yoast_head":"<!-- This site is optimized with the Yoast SEO plugin v27.5 - https:\/\/yoast.com\/product\/yoast-seo-wordpress\/ -->\n<title>Servivios - Contadores de Agua Carlos<\/title>\n<meta name=\"robots\" content=\"index, follow, max-snippet:-1, max-image-preview:large, max-video-preview:-1\" \/>\n<link rel=\"canonical\" href=\"https:\/\/contadoresdeaguacarlos.com\/en\/servicios\/\" \/>\n<meta property=\"og:locale\" content=\"en_US\" \/>\n<meta property=\"og:type\" content=\"article\" \/>\n<meta property=\"og:title\" content=\"Servivios - Contadores de Agua Carlos\" \/>\n<meta property=\"og:description\" content=\"Servicios Conservaci\u00f3n de contadores de agua La lectura y conservaci\u00f3n adecuada de los contadores de agua son fundamentales para garantizar una gesti\u00f3n responsable del consumo y evitar desperdicios. Estos dispositivos no solo registran el uso exacto, sino que tambi\u00e9n permiten: * Control del consumo: Detecta patrones de uso y posibles fugas. *Facturaci\u00f3n precisa: Asegura cobros [&hellip;]\" \/>\n<meta property=\"og:url\" content=\"https:\/\/contadoresdeaguacarlos.com\/en\/servicios\/\" \/>\n<meta property=\"og:site_name\" content=\"Contadores de Agua Carlos\" \/>\n<meta property=\"article:modified_time\" content=\"2024-11-22T09:44:17+00:00\" \/>\n<meta property=\"og:image\" content=\"https:\/\/contadoresdeaguacarlos.com\/wp-content\/uploads\/2024\/11\/water-meter-with-leak-water-wrench-concept-broken-pipeline-meter-scaled.jpg\" \/>\n\t<meta property=\"og:image:width\" content=\"2560\" \/>\n\t<meta property=\"og:image:height\" content=\"1707\" \/>\n\t<meta property=\"og:image:type\" content=\"image\/jpeg\" \/>\n<meta name=\"twitter:card\" content=\"summary_large_image\" \/>\n<meta name=\"twitter:label1\" content=\"Est. reading time\" \/>\n\t<meta name=\"twitter:data1\" content=\"2 minutes\" \/>\n<script type=\"application\/ld+json\" class=\"yoast-schema-graph\">{\"@context\":\"https:\\\/\\\/schema.org\",\"@graph\":[{\"@type\":\"WebPage\",\"@id\":\"https:\\\/\\\/contadoresdeaguacarlos.com\\\/servicios\\\/\",\"url\":\"https:\\\/\\\/contadoresdeaguacarlos.com\\\/servicios\\\/\",\"name\":\"Servivios - Contadores de Agua Carlos\",\"isPartOf\":{\"@id\":\"https:\\\/\\\/contadoresdeaguacarlos.com\\\/#website\"},\"primaryImageOfPage\":{\"@id\":\"https:\\\/\\\/contadoresdeaguacarlos.com\\\/servicios\\\/#primaryimage\"},\"image\":{\"@id\":\"https:\\\/\\\/contadoresdeaguacarlos.com\\\/servicios\\\/#primaryimage\"},\"thumbnailUrl\":\"https:\\\/\\\/contadoresdeaguacarlos.com\\\/wp-content\\\/uploads\\\/2024\\\/11\\\/water-meter-with-leak-water-wrench-concept-broken-pipeline-meter-scaled.jpg\",\"datePublished\":\"2024-09-20T11:50:15+00:00\",\"dateModified\":\"2024-11-22T09:44:17+00:00\",\"breadcrumb\":{\"@id\":\"https:\\\/\\\/contadoresdeaguacarlos.com\\\/servicios\\\/#breadcrumb\"},\"inLanguage\":\"en-US\",\"potentialAction\":[{\"@type\":\"ReadAction\",\"target\":[\"https:\\\/\\\/contadoresdeaguacarlos.com\\\/servicios\\\/\"]}]},{\"@type\":\"ImageObject\",\"inLanguage\":\"en-US\",\"@id\":\"https:\\\/\\\/contadoresdeaguacarlos.com\\\/servicios\\\/#primaryimage\",\"url\":\"https:\\\/\\\/contadoresdeaguacarlos.com\\\/wp-content\\\/uploads\\\/2024\\\/11\\\/water-meter-with-leak-water-wrench-concept-broken-pipeline-meter-scaled.jpg\",\"contentUrl\":\"https:\\\/\\\/contadoresdeaguacarlos.com\\\/wp-content\\\/uploads\\\/2024\\\/11\\\/water-meter-with-leak-water-wrench-concept-broken-pipeline-meter-scaled.jpg\"},{\"@type\":\"BreadcrumbList\",\"@id\":\"https:\\\/\\\/contadoresdeaguacarlos.com\\\/servicios\\\/#breadcrumb\",\"itemListElement\":[{\"@type\":\"ListItem\",\"position\":1,\"name\":\"Portada\",\"item\":\"https:\\\/\\\/contadoresdeaguacarlos.com\\\/\"},{\"@type\":\"ListItem\",\"position\":2,\"name\":\"Servivios\"}]},{\"@type\":\"WebSite\",\"@id\":\"https:\\\/\\\/contadoresdeaguacarlos.com\\\/#website\",\"url\":\"https:\\\/\\\/contadoresdeaguacarlos.com\\\/\",\"name\":\"Contadores de Agua Carlos\",\"description\":\"Lectura y conservaci\u00f3n por un tanto alzado de contadores de agua\",\"publisher\":{\"@id\":\"https:\\\/\\\/contadoresdeaguacarlos.com\\\/#organization\"},\"potentialAction\":[{\"@type\":\"SearchAction\",\"target\":{\"@type\":\"EntryPoint\",\"urlTemplate\":\"https:\\\/\\\/contadoresdeaguacarlos.com\\\/?s={search_term_string}\"},\"query-input\":{\"@type\":\"PropertyValueSpecification\",\"valueRequired\":true,\"valueName\":\"search_term_string\"}}],\"inLanguage\":\"en-US\"},{\"@type\":\"Organization\",\"@id\":\"https:\\\/\\\/contadoresdeaguacarlos.com\\\/#organization\",\"name\":\"Contadores de Agua Carlos\",\"url\":\"https:\\\/\\\/contadoresdeaguacarlos.com\\\/\",\"logo\":{\"@type\":\"ImageObject\",\"inLanguage\":\"en-US\",\"@id\":\"https:\\\/\\\/contadoresdeaguacarlos.com\\\/#\\\/schema\\\/logo\\\/image\\\/\",\"url\":\"https:\\\/\\\/contadoresdeaguacarlos.com\\\/wp-content\\\/uploads\\\/2024\\\/11\\\/cropped-cropped-WhatsApp-Image-2024-11-19-at-13.08.40.jpeg\",\"contentUrl\":\"https:\\\/\\\/contadoresdeaguacarlos.com\\\/wp-content\\\/uploads\\\/2024\\\/11\\\/cropped-cropped-WhatsApp-Image-2024-11-19-at-13.08.40.jpeg\",\"width\":512,\"height\":403,\"caption\":\"Contadores de Agua Carlos\"},\"image\":{\"@id\":\"https:\\\/\\\/contadoresdeaguacarlos.com\\\/#\\\/schema\\\/logo\\\/image\\\/\"}}]}<\/script>\n<!-- \/ Yoast SEO plugin. -->","yoast_head_json":{"title":"Servivios - Contadores de Agua Carlos","robots":{"index":"index","follow":"follow","max-snippet":"max-snippet:-1","max-image-preview":"max-image-preview:large","max-video-preview":"max-video-preview:-1"},"canonical":"https:\/\/contadoresdeaguacarlos.com\/en\/servicios\/","og_locale":"en_US","og_type":"article","og_title":"Servivios - Contadores de Agua Carlos","og_description":"Servicios Conservaci\u00f3n de contadores de agua La lectura y conservaci\u00f3n adecuada de los contadores de agua son fundamentales para garantizar una gesti\u00f3n responsable del consumo y evitar desperdicios. Estos dispositivos no solo registran el uso exacto, sino que tambi\u00e9n permiten: * Control del consumo: Detecta patrones de uso y posibles fugas. *Facturaci\u00f3n precisa: Asegura cobros [&hellip;]","og_url":"https:\/\/contadoresdeaguacarlos.com\/en\/servicios\/","og_site_name":"Contadores de Agua Carlos","article_modified_time":"2024-11-22T09:44:17+00:00","og_image":[{"width":2560,"height":1707,"url":"https:\/\/contadoresdeaguacarlos.com\/wp-content\/uploads\/2024\/11\/water-meter-with-leak-water-wrench-concept-broken-pipeline-meter-scaled.jpg","type":"image\/jpeg"}],"twitter_card":"summary_large_image","twitter_misc":{"Est. reading time":"2 minutes"},"schema":{"@context":"https:\/\/schema.org","@graph":[{"@type":"WebPage","@id":"https:\/\/contadoresdeaguacarlos.com\/servicios\/","url":"https:\/\/contadoresdeaguacarlos.com\/servicios\/","name":"Servivios - Contadores de Agua Carlos","isPartOf":{"@id":"https:\/\/contadoresdeaguacarlos.com\/#website"},"primaryImageOfPage":{"@id":"https:\/\/contadoresdeaguacarlos.com\/servicios\/#primaryimage"},"image":{"@id":"https:\/\/contadoresdeaguacarlos.com\/servicios\/#primaryimage"},"thumbnailUrl":"https:\/\/contadoresdeaguacarlos.com\/wp-content\/uploads\/2024\/11\/water-meter-with-leak-water-wrench-concept-broken-pipeline-meter-scaled.jpg","datePublished":"2024-09-20T11:50:15+00:00","dateModified":"2024-11-22T09:44:17+00:00","breadcrumb":{"@id":"https:\/\/contadoresdeaguacarlos.com\/servicios\/#breadcrumb"},"inLanguage":"en-US","potentialAction":[{"@type":"ReadAction","target":["https:\/\/contadoresdeaguacarlos.com\/servicios\/"]}]},{"@type":"ImageObject","inLanguage":"en-US","@id":"https:\/\/contadoresdeaguacarlos.com\/servicios\/#primaryimage","url":"https:\/\/contadoresdeaguacarlos.com\/wp-content\/uploads\/2024\/11\/water-meter-with-leak-water-wrench-concept-broken-pipeline-meter-scaled.jpg","contentUrl":"https:\/\/contadoresdeaguacarlos.com\/wp-content\/uploads\/2024\/11\/water-meter-with-leak-water-wrench-concept-broken-pipeline-meter-scaled.jpg"},{"@type":"BreadcrumbList","@id":"https:\/\/contadoresdeaguacarlos.com\/servicios\/#breadcrumb","itemListElement":[{"@type":"ListItem","position":1,"name":"Portada","item":"https:\/\/contadoresdeaguacarlos.com\/"},{"@type":"ListItem","position":2,"name":"Servivios"}]},{"@type":"WebSite","@id":"https:\/\/contadoresdeaguacarlos.com\/#website","url":"https:\/\/contadoresdeaguacarlos.com\/","name":"Contadores de Agua Carlos","description":"Lectura y conservaci\u00f3n por un tanto alzado de contadores de agua","publisher":{"@id":"https:\/\/contadoresdeaguacarlos.com\/#organization"},"potentialAction":[{"@type":"SearchAction","target":{"@type":"EntryPoint","urlTemplate":"https:\/\/contadoresdeaguacarlos.com\/?s={search_term_string}"},"query-input":{"@type":"PropertyValueSpecification","valueRequired":true,"valueName":"search_term_string"}}],"inLanguage":"en-US"},{"@type":"Organization","@id":"https:\/\/contadoresdeaguacarlos.com\/#organization","name":"Contadores de Agua Carlos","url":"https:\/\/contadoresdeaguacarlos.com\/","logo":{"@type":"ImageObject","inLanguage":"en-US","@id":"https:\/\/contadoresdeaguacarlos.com\/#\/schema\/logo\/image\/","url":"https:\/\/contadoresdeaguacarlos.com\/wp-content\/uploads\/2024\/11\/cropped-cropped-WhatsApp-Image-2024-11-19-at-13.08.40.jpeg","contentUrl":"https:\/\/contadoresdeaguacarlos.com\/wp-content\/uploads\/2024\/11\/cropped-cropped-WhatsApp-Image-2024-11-19-at-13.08.40.jpeg","width":512,"height":403,"caption":"Contadores de Agua Carlos"},"image":{"@id":"https:\/\/contadoresdeaguacarlos.com\/#\/schema\/logo\/image\/"}}]}},"_links":{"self":[{"href":"https:\/\/contadoresdeaguacarlos.com\/en\/wp-json\/wp\/v2\/pages\/30","targetHints":{"allow":["GET"]}}],"collection":[{"href":"https:\/\/contadoresdeaguacarlos.com\/en\/wp-json\/wp\/v2\/pages"}],"about":[{"href":"https:\/\/contadoresdeaguacarlos.com\/en\/wp-json\/wp\/v2\/types\/page"}],"author":[{"embeddable":true,"href":"https:\/\/contadoresdeaguacarlos.com\/en\/wp-json\/wp\/v2\/users\/3"}],"replies":[{"embeddable":true,"href":"https:\/\/contadoresdeaguacarlos.com\/en\/wp-json\/wp\/v2\/comments?post=30"}],"version-history":[{"count":54,"href":"https:\/\/contadoresdeaguacarlos.com\/en\/wp-json\/wp\/v2\/pages\/30\/revisions"}],"predecessor-version":[{"id":643,"href":"https:\/\/contadoresdeaguacarlos.com\/en\/wp-json\/wp\/v2\/pages\/30\/revisions\/643"}],"wp:attachment":[{"href":"https:\/\/contadoresdeaguacarlos.com\/en\/wp-json\/wp\/v2\/media?parent=30"}],"curies":[{"name":"wp","href":"https:\/\/api.w.org\/{rel}","templated":true}]}}