{"id":2,"date":"2024-09-20T11:16:08","date_gmt":"2024-09-20T11:16:08","guid":{"rendered":"https:\/\/carpinteriaartetxe.rkinformatika.online\/?page_id=2"},"modified":"2025-07-29T10:30:47","modified_gmt":"2025-07-29T10:30:47","slug":"inicio","status":"publish","type":"page","link":"https:\/\/contadoresdeaguacarlos.com\/en\/","title":{"rendered":"Home"},"content":{"rendered":"<div data-elementor-type=\"wp-page\" data-elementor-id=\"2\" class=\"elementor elementor-2\" data-elementor-post-type=\"page\">\n\t\t\t\t<div class=\"elementor-element elementor-element-99bfd16 e-con-full e-flex e-con e-parent\" data-id=\"99bfd16\" data-element_type=\"container\" data-e-type=\"container\" data-settings=\"{&quot;background_background&quot;:&quot;classic&quot;}\">\n\t\t<div class=\"elementor-element elementor-element-186c11d e-con-full e-flex e-con e-child\" data-id=\"186c11d\" data-element_type=\"container\" data-e-type=\"container\">\n\t\t\t\t<div class=\"elementor-element elementor-element-6ef8de9 elementor-invisible elementor-widget elementor-widget-heading\" data-id=\"6ef8de9\" data-element_type=\"widget\" data-e-type=\"widget\" data-settings=\"{&quot;_animation&quot;:&quot;fadeInRight&quot;}\" data-widget_type=\"heading.default\">\n\t\t\t\t<div class=\"elementor-widget-container\">\n\t\t\t\t\t<h2 class=\"elementor-heading-title elementor-size-default\">Reading and Maintenance of Water Meters <\/h2>\t\t\t\t<\/div>\n\t\t\t\t<\/div>\n\t\t\t\t<\/div>\n\t\t\t\t<\/div>\n\t\t<div class=\"elementor-element elementor-element-c893d79 e-flex e-con-boxed e-con e-parent\" data-id=\"c893d79\" data-element_type=\"container\" data-e-type=\"container\">\n\t\t\t\t\t<div class=\"e-con-inner\">\n\t\t\t\t<div class=\"elementor-element elementor-element-824d089 elementor-position-left elementor-position-left elementor-vertical-align-middle elementor-widget__width-initial elementor-vertical-align-top elementor-widget elementor-widget-image-box\" data-id=\"824d089\" data-element_type=\"widget\" data-e-type=\"widget\" data-widget_type=\"image-box.default\">\n\t\t\t\t<div class=\"elementor-widget-container\">\n\t\t\t\t\t<div class=\"elementor-image-box-wrapper\"><figure class=\"elementor-image-box-img\"><img fetchpriority=\"high\" decoding=\"async\" width=\"2560\" height=\"1709\" src=\"https:\/\/contadoresdeaguacarlos.com\/wp-content\/uploads\/2024\/11\/hot-cold-water-meters-white-background-1-scaled.jpg\" class=\"attachment-full size-full wp-image-519\" alt=\"\" srcset=\"https:\/\/contadoresdeaguacarlos.com\/wp-content\/uploads\/2024\/11\/hot-cold-water-meters-white-background-1-scaled.jpg 2560w, https:\/\/contadoresdeaguacarlos.com\/wp-content\/uploads\/2024\/11\/hot-cold-water-meters-white-background-1-300x200.jpg 300w, https:\/\/contadoresdeaguacarlos.com\/wp-content\/uploads\/2024\/11\/hot-cold-water-meters-white-background-1-1024x684.jpg 1024w, https:\/\/contadoresdeaguacarlos.com\/wp-content\/uploads\/2024\/11\/hot-cold-water-meters-white-background-1-768x513.jpg 768w, https:\/\/contadoresdeaguacarlos.com\/wp-content\/uploads\/2024\/11\/hot-cold-water-meters-white-background-1-1536x1025.jpg 1536w, https:\/\/contadoresdeaguacarlos.com\/wp-content\/uploads\/2024\/11\/hot-cold-water-meters-white-background-1-2048x1367.jpg 2048w, https:\/\/contadoresdeaguacarlos.com\/wp-content\/uploads\/2024\/11\/hot-cold-water-meters-white-background-1-18x12.jpg 18w\" sizes=\"(max-width: 2560px) 100vw, 2560px\" \/><\/figure><div class=\"elementor-image-box-content\"><h3 class=\"elementor-image-box-title\">Let's Make More Efficient Use Together!<\/h3><p class=\"elementor-image-box-description\">Accurate reading and proper maintenance of water meters are essential for responsible consumption management and preventing waste. These devices not only track exact usage but also help optimize water use.<br>\n<br>\nRegular maintenance and proper protection of the meter extend its lifespan, preventing breakdowns and potential penalties. Conservation involves checking its condition, shielding it from extreme conditions, and ensuring it functions correctly.\n<\/p><\/div><\/div>\t\t\t\t<\/div>\n\t\t\t\t<\/div>\n\t\t\t\t\t<\/div>\n\t\t\t\t<\/div>\n\t\t<div class=\"elementor-element elementor-element-c1aab4c e-flex e-con-boxed e-con e-parent\" data-id=\"c1aab4c\" data-element_type=\"container\" data-e-type=\"container\">\n\t\t\t\t\t<div class=\"e-con-inner\">\n\t\t\t\t<div class=\"elementor-element elementor-element-d7b91cf elementor-cta--skin-cover elementor-animated-content elementor-bg-transform elementor-bg-transform-zoom-in elementor-widget elementor-widget-call-to-action\" data-id=\"d7b91cf\" data-element_type=\"widget\" data-e-type=\"widget\" data-widget_type=\"call-to-action.default\">\n\t\t\t\t<div class=\"elementor-widget-container\">\n\t\t\t\t\t\t\t<div class=\"elementor-cta\">\n\t\t\t\t\t<div class=\"elementor-cta__bg-wrapper\">\n\t\t\t\t<div class=\"elementor-cta__bg elementor-bg\" style=\"background-image: url(https:\/\/contadoresdeaguacarlos.com\/wp-content\/uploads\/2024\/11\/Captura-desde-2024-11-21-19-37-19-1024x480.png);\" role=\"img\" aria-label=\"Captura desde 2024-11-21 19-37-19\"><\/div>\n\t\t\t\t<div class=\"elementor-cta__bg-overlay\"><\/div>\n\t\t\t<\/div>\n\t\t\t\t\t\t\t<div class=\"elementor-cta__content\">\n\t\t\t\t\n\t\t\t\t\t\t\t\t\t<h2 class=\"elementor-cta__title elementor-cta__content-item elementor-content-item elementor-animated-item--grow\">\n\t\t\t\t\t\tConsumption Control\t\t\t\t\t<\/h2>\n\t\t\t\t\n\t\t\t\t\t\t\t\t\t<div class=\"elementor-cta__description elementor-cta__content-item elementor-content-item elementor-animated-item--grow\">\n\t\t\t\t\t\tTaking care of your water meters means taking care of water and your wallet.\t\t\t\t\t<\/div>\n\t\t\t\t\n\t\t\t\t\t\t\t\t\t<div class=\"elementor-cta__button-wrapper elementor-cta__content-item elementor-content-item elementor-animated-item--grow\">\n\t\t\t\t\t<a class=\"elementor-cta__button elementor-button elementor-size-\" href=\"https:\/\/contadoresdeaguacarlos.com\/en\/servicios\/\">\n\t\t\t\t\t\tLearn More\t\t\t\t\t<\/a>\n\t\t\t\t\t<\/div>\n\t\t\t\t\t\t\t<\/div>\n\t\t\t\t\t\t<\/div>\n\t\t\t\t\t\t<\/div>\n\t\t\t\t<\/div>\n\t\t\t\t\t<\/div>\n\t\t\t\t<\/div>\n\t\t\t\t<\/div>","protected":false},"excerpt":{"rendered":"<p>Lectura y conservaci\u00f3n de contadores de agua \u00a1Hagamos un uso m\u00e1s eficiente juntos! La lectura y conservaci\u00f3n adecuada de los contadores de agua son fundamentales para garantizar una gesti\u00f3n responsable del consumo y evitar desperdicios. Estos dispositivos no solo registran el uso exacto. Un mantenimiento regular y una correcta protecci\u00f3n del contador prolongan su vida [&hellip;]<\/p>\n","protected":false},"author":3,"featured_media":0,"parent":0,"menu_order":0,"comment_status":"closed","ping_status":"closed","template":"","meta":{"footnotes":""},"class_list":["post-2","page","type-page","status-publish","hentry"],"yoast_head":"<!-- This site is optimized with the Yoast SEO plugin v27.5 - https:\/\/yoast.com\/product\/yoast-seo-wordpress\/ -->\n<title>Inicio - Contadores de Agua Carlos<\/title>\n<meta name=\"robots\" content=\"index, follow, max-snippet:-1, max-image-preview:large, max-video-preview:-1\" \/>\n<link rel=\"canonical\" href=\"https:\/\/contadoresdeaguacarlos.com\/en\/\" \/>\n<meta property=\"og:locale\" content=\"en_US\" \/>\n<meta property=\"og:type\" content=\"article\" \/>\n<meta property=\"og:title\" content=\"Inicio - Contadores de Agua Carlos\" \/>\n<meta property=\"og:description\" content=\"Lectura y conservaci\u00f3n de contadores de agua \u00a1Hagamos un uso m\u00e1s eficiente juntos! La lectura y conservaci\u00f3n adecuada de los contadores de agua son fundamentales para garantizar una gesti\u00f3n responsable del consumo y evitar desperdicios. Estos dispositivos no solo registran el uso exacto. Un mantenimiento regular y una correcta protecci\u00f3n del contador prolongan su vida [&hellip;]\" \/>\n<meta property=\"og:url\" content=\"https:\/\/contadoresdeaguacarlos.com\/en\/\" \/>\n<meta property=\"og:site_name\" content=\"Contadores de Agua Carlos\" \/>\n<meta property=\"article:modified_time\" content=\"2025-07-29T10:30:47+00:00\" \/>\n<meta property=\"og:image\" content=\"https:\/\/contadoresdeaguacarlos.com\/wp-content\/uploads\/2024\/11\/hot-cold-water-meters-white-background-1-scaled.jpg\" \/>\n\t<meta property=\"og:image:width\" content=\"2560\" \/>\n\t<meta property=\"og:image:height\" content=\"1709\" \/>\n\t<meta property=\"og:image:type\" content=\"image\/jpeg\" \/>\n<meta name=\"twitter:card\" content=\"summary_large_image\" \/>\n<meta name=\"twitter:label1\" content=\"Est. reading time\" \/>\n\t<meta name=\"twitter:data1\" content=\"1 minute\" \/>\n<script type=\"application\/ld+json\" class=\"yoast-schema-graph\">{\"@context\":\"https:\\\/\\\/schema.org\",\"@graph\":[{\"@type\":\"WebPage\",\"@id\":\"https:\\\/\\\/contadoresdeaguacarlos.com\\\/\",\"url\":\"https:\\\/\\\/contadoresdeaguacarlos.com\\\/\",\"name\":\"Inicio - Contadores de Agua Carlos\",\"isPartOf\":{\"@id\":\"https:\\\/\\\/contadoresdeaguacarlos.com\\\/#website\"},\"primaryImageOfPage\":{\"@id\":\"https:\\\/\\\/contadoresdeaguacarlos.com\\\/#primaryimage\"},\"image\":{\"@id\":\"https:\\\/\\\/contadoresdeaguacarlos.com\\\/#primaryimage\"},\"thumbnailUrl\":\"https:\\\/\\\/contadoresdeaguacarlos.com\\\/wp-content\\\/uploads\\\/2024\\\/11\\\/hot-cold-water-meters-white-background-1-scaled.jpg\",\"datePublished\":\"2024-09-20T11:16:08+00:00\",\"dateModified\":\"2025-07-29T10:30:47+00:00\",\"breadcrumb\":{\"@id\":\"https:\\\/\\\/contadoresdeaguacarlos.com\\\/#breadcrumb\"},\"inLanguage\":\"en-US\",\"potentialAction\":[{\"@type\":\"ReadAction\",\"target\":[\"https:\\\/\\\/contadoresdeaguacarlos.com\\\/\"]}]},{\"@type\":\"ImageObject\",\"inLanguage\":\"en-US\",\"@id\":\"https:\\\/\\\/contadoresdeaguacarlos.com\\\/#primaryimage\",\"url\":\"https:\\\/\\\/contadoresdeaguacarlos.com\\\/wp-content\\\/uploads\\\/2024\\\/11\\\/hot-cold-water-meters-white-background-1-scaled.jpg\",\"contentUrl\":\"https:\\\/\\\/contadoresdeaguacarlos.com\\\/wp-content\\\/uploads\\\/2024\\\/11\\\/hot-cold-water-meters-white-background-1-scaled.jpg\"},{\"@type\":\"BreadcrumbList\",\"@id\":\"https:\\\/\\\/contadoresdeaguacarlos.com\\\/#breadcrumb\",\"itemListElement\":[{\"@type\":\"ListItem\",\"position\":1,\"name\":\"Portada\",\"item\":\"https:\\\/\\\/contadoresdeaguacarlos.com\\\/\"},{\"@type\":\"ListItem\",\"position\":2,\"name\":\"Inicio\"}]},{\"@type\":\"WebSite\",\"@id\":\"https:\\\/\\\/contadoresdeaguacarlos.com\\\/#website\",\"url\":\"https:\\\/\\\/contadoresdeaguacarlos.com\\\/\",\"name\":\"Contadores de Agua Carlos\",\"description\":\"Lectura y conservaci\u00f3n por un tanto alzado de contadores de agua\",\"publisher\":{\"@id\":\"https:\\\/\\\/contadoresdeaguacarlos.com\\\/#organization\"},\"potentialAction\":[{\"@type\":\"SearchAction\",\"target\":{\"@type\":\"EntryPoint\",\"urlTemplate\":\"https:\\\/\\\/contadoresdeaguacarlos.com\\\/?s={search_term_string}\"},\"query-input\":{\"@type\":\"PropertyValueSpecification\",\"valueRequired\":true,\"valueName\":\"search_term_string\"}}],\"inLanguage\":\"en-US\"},{\"@type\":\"Organization\",\"@id\":\"https:\\\/\\\/contadoresdeaguacarlos.com\\\/#organization\",\"name\":\"Contadores de Agua Carlos\",\"url\":\"https:\\\/\\\/contadoresdeaguacarlos.com\\\/\",\"logo\":{\"@type\":\"ImageObject\",\"inLanguage\":\"en-US\",\"@id\":\"https:\\\/\\\/contadoresdeaguacarlos.com\\\/#\\\/schema\\\/logo\\\/image\\\/\",\"url\":\"https:\\\/\\\/contadoresdeaguacarlos.com\\\/wp-content\\\/uploads\\\/2024\\\/11\\\/cropped-cropped-WhatsApp-Image-2024-11-19-at-13.08.40.jpeg\",\"contentUrl\":\"https:\\\/\\\/contadoresdeaguacarlos.com\\\/wp-content\\\/uploads\\\/2024\\\/11\\\/cropped-cropped-WhatsApp-Image-2024-11-19-at-13.08.40.jpeg\",\"width\":512,\"height\":403,\"caption\":\"Contadores de Agua Carlos\"},\"image\":{\"@id\":\"https:\\\/\\\/contadoresdeaguacarlos.com\\\/#\\\/schema\\\/logo\\\/image\\\/\"}}]}<\/script>\n<!-- \/ Yoast SEO plugin. -->","yoast_head_json":{"title":"Inicio - Contadores de Agua Carlos","robots":{"index":"index","follow":"follow","max-snippet":"max-snippet:-1","max-image-preview":"max-image-preview:large","max-video-preview":"max-video-preview:-1"},"canonical":"https:\/\/contadoresdeaguacarlos.com\/en\/","og_locale":"en_US","og_type":"article","og_title":"Inicio - Contadores de Agua Carlos","og_description":"Lectura y conservaci\u00f3n de contadores de agua \u00a1Hagamos un uso m\u00e1s eficiente juntos! La lectura y conservaci\u00f3n adecuada de los contadores de agua son fundamentales para garantizar una gesti\u00f3n responsable del consumo y evitar desperdicios. Estos dispositivos no solo registran el uso exacto. Un mantenimiento regular y una correcta protecci\u00f3n del contador prolongan su vida [&hellip;]","og_url":"https:\/\/contadoresdeaguacarlos.com\/en\/","og_site_name":"Contadores de Agua Carlos","article_modified_time":"2025-07-29T10:30:47+00:00","og_image":[{"width":2560,"height":1709,"url":"https:\/\/contadoresdeaguacarlos.com\/wp-content\/uploads\/2024\/11\/hot-cold-water-meters-white-background-1-scaled.jpg","type":"image\/jpeg"}],"twitter_card":"summary_large_image","twitter_misc":{"Est. reading time":"1 minute"},"schema":{"@context":"https:\/\/schema.org","@graph":[{"@type":"WebPage","@id":"https:\/\/contadoresdeaguacarlos.com\/","url":"https:\/\/contadoresdeaguacarlos.com\/","name":"Inicio - Contadores de Agua Carlos","isPartOf":{"@id":"https:\/\/contadoresdeaguacarlos.com\/#website"},"primaryImageOfPage":{"@id":"https:\/\/contadoresdeaguacarlos.com\/#primaryimage"},"image":{"@id":"https:\/\/contadoresdeaguacarlos.com\/#primaryimage"},"thumbnailUrl":"https:\/\/contadoresdeaguacarlos.com\/wp-content\/uploads\/2024\/11\/hot-cold-water-meters-white-background-1-scaled.jpg","datePublished":"2024-09-20T11:16:08+00:00","dateModified":"2025-07-29T10:30:47+00:00","breadcrumb":{"@id":"https:\/\/contadoresdeaguacarlos.com\/#breadcrumb"},"inLanguage":"en-US","potentialAction":[{"@type":"ReadAction","target":["https:\/\/contadoresdeaguacarlos.com\/"]}]},{"@type":"ImageObject","inLanguage":"en-US","@id":"https:\/\/contadoresdeaguacarlos.com\/#primaryimage","url":"https:\/\/contadoresdeaguacarlos.com\/wp-content\/uploads\/2024\/11\/hot-cold-water-meters-white-background-1-scaled.jpg","contentUrl":"https:\/\/contadoresdeaguacarlos.com\/wp-content\/uploads\/2024\/11\/hot-cold-water-meters-white-background-1-scaled.jpg"},{"@type":"BreadcrumbList","@id":"https:\/\/contadoresdeaguacarlos.com\/#breadcrumb","itemListElement":[{"@type":"ListItem","position":1,"name":"Portada","item":"https:\/\/contadoresdeaguacarlos.com\/"},{"@type":"ListItem","position":2,"name":"Inicio"}]},{"@type":"WebSite","@id":"https:\/\/contadoresdeaguacarlos.com\/#website","url":"https:\/\/contadoresdeaguacarlos.com\/","name":"Contadores de Agua Carlos","description":"Lectura y conservaci\u00f3n por un tanto alzado de contadores de agua","publisher":{"@id":"https:\/\/contadoresdeaguacarlos.com\/#organization"},"potentialAction":[{"@type":"SearchAction","target":{"@type":"EntryPoint","urlTemplate":"https:\/\/contadoresdeaguacarlos.com\/?s={search_term_string}"},"query-input":{"@type":"PropertyValueSpecification","valueRequired":true,"valueName":"search_term_string"}}],"inLanguage":"en-US"},{"@type":"Organization","@id":"https:\/\/contadoresdeaguacarlos.com\/#organization","name":"Contadores de Agua Carlos","url":"https:\/\/contadoresdeaguacarlos.com\/","logo":{"@type":"ImageObject","inLanguage":"en-US","@id":"https:\/\/contadoresdeaguacarlos.com\/#\/schema\/logo\/image\/","url":"https:\/\/contadoresdeaguacarlos.com\/wp-content\/uploads\/2024\/11\/cropped-cropped-WhatsApp-Image-2024-11-19-at-13.08.40.jpeg","contentUrl":"https:\/\/contadoresdeaguacarlos.com\/wp-content\/uploads\/2024\/11\/cropped-cropped-WhatsApp-Image-2024-11-19-at-13.08.40.jpeg","width":512,"height":403,"caption":"Contadores de Agua Carlos"},"image":{"@id":"https:\/\/contadoresdeaguacarlos.com\/#\/schema\/logo\/image\/"}}]}},"_links":{"self":[{"href":"https:\/\/contadoresdeaguacarlos.com\/en\/wp-json\/wp\/v2\/pages\/2","targetHints":{"allow":["GET"]}}],"collection":[{"href":"https:\/\/contadoresdeaguacarlos.com\/en\/wp-json\/wp\/v2\/pages"}],"about":[{"href":"https:\/\/contadoresdeaguacarlos.com\/en\/wp-json\/wp\/v2\/types\/page"}],"author":[{"embeddable":true,"href":"https:\/\/contadoresdeaguacarlos.com\/en\/wp-json\/wp\/v2\/users\/3"}],"replies":[{"embeddable":true,"href":"https:\/\/contadoresdeaguacarlos.com\/en\/wp-json\/wp\/v2\/comments?post=2"}],"version-history":[{"count":197,"href":"https:\/\/contadoresdeaguacarlos.com\/en\/wp-json\/wp\/v2\/pages\/2\/revisions"}],"predecessor-version":[{"id":651,"href":"https:\/\/contadoresdeaguacarlos.com\/en\/wp-json\/wp\/v2\/pages\/2\/revisions\/651"}],"wp:attachment":[{"href":"https:\/\/contadoresdeaguacarlos.com\/en\/wp-json\/wp\/v2\/media?parent=2"}],"curies":[{"name":"wp","href":"https:\/\/api.w.org\/{rel}","templated":true}]}}